{"id":5298,"date":"2019-03-24T10:11:20","date_gmt":"2019-03-24T03:11:20","guid":{"rendered":"http:\/\/edubelife.vn\/en\/?page_id=5298"},"modified":"2019-03-24T10:22:42","modified_gmt":"2019-03-24T03:22:42","slug":"information-policy","status":"publish","type":"page","link":"https:\/\/edubelife.vn\/en\/information-policy\/","title":{"rendered":"Information Policy"},"content":{"rendered":"\n<p>\u0110\u00e2y l\u00e0 trang ti\u1ebfng anh, copy n\u1ed9i dung ti\u1ebfng anh v\u00e0o \u0111\u00e2y<\/p>\n","protected":false},"excerpt":{"rendered":"<p>\u0110\u00e2y l\u00e0 trang ti\u1ebfng anh, copy n\u1ed9i dung ti\u1ebfng anh v\u00e0o \u0111\u00e2y<\/p>\n","protected":false},"author":1,"featured_media":0,"parent":0,"menu_order":0,"comment_status":"closed","ping_status":"closed","template":"","meta":{"footnotes":""},"class_list":["post-5298","page","type-page","status-publish","hentry"],"yoast_head":"<!-- This site is optimized with the Yoast SEO Premium plugin v23.4 (Yoast SEO v23.9) - https:\/\/yoast.com\/wordpress\/plugins\/seo\/ -->\n<title>Information Policy - Edubelife | Education for a beautiful life<\/title>\n<meta name=\"robots\" content=\"index, follow, max-snippet:-1, max-image-preview:large, max-video-preview:-1\" \/>\n<link rel=\"canonical\" href=\"https:\/\/edubelife.vn\/en\/information-policy\/\" \/>\n<meta property=\"og:locale\" content=\"en_US\" \/>\n<meta property=\"og:type\" content=\"article\" \/>\n<meta property=\"og:title\" content=\"Information Policy\" \/>\n<meta property=\"og:description\" content=\"\u0110\u00e2y l\u00e0 trang ti\u1ebfng anh, copy n\u1ed9i dung ti\u1ebfng anh v\u00e0o \u0111\u00e2y\" \/>\n<meta property=\"og:url\" content=\"https:\/\/edubelife.vn\/en\/information-policy\/\" \/>\n<meta property=\"og:site_name\" content=\"Edubelife | Education for a beautiful life\" \/>\n<meta property=\"article:modified_time\" content=\"2019-03-24T03:22:42+00:00\" \/>\n<meta name=\"twitter:card\" content=\"summary_large_image\" \/>\n<script type=\"application\/ld+json\" class=\"yoast-schema-graph\">{\"@context\":\"https:\/\/schema.org\",\"@graph\":[{\"@type\":\"WebPage\",\"@id\":\"https:\/\/edubelife.vn\/en\/information-policy\/\",\"url\":\"https:\/\/edubelife.vn\/en\/information-policy\/\",\"name\":\"Information Policy - Edubelife | Education for a beautiful life\",\"isPartOf\":{\"@id\":\"https:\/\/edubelife.vn\/#website\"},\"datePublished\":\"2019-03-24T03:11:20+00:00\",\"dateModified\":\"2019-03-24T03:22:42+00:00\",\"breadcrumb\":{\"@id\":\"https:\/\/edubelife.vn\/en\/information-policy\/#breadcrumb\"},\"inLanguage\":\"en-US\",\"potentialAction\":[{\"@type\":\"ReadAction\",\"target\":[\"https:\/\/edubelife.vn\/en\/information-policy\/\"]}]},{\"@type\":\"BreadcrumbList\",\"@id\":\"https:\/\/edubelife.vn\/en\/information-policy\/#breadcrumb\",\"itemListElement\":[{\"@type\":\"ListItem\",\"position\":1,\"name\":\"Home\",\"item\":\"https:\/\/edubelife.vn\/en\/\"},{\"@type\":\"ListItem\",\"position\":2,\"name\":\"Information Policy\"}]},{\"@type\":\"WebSite\",\"@id\":\"https:\/\/edubelife.vn\/#website\",\"url\":\"https:\/\/edubelife.vn\/\",\"name\":\"Edubelife | Education for a beautiful life\",\"description\":\"EDUBELIFE - Solutions for Sustainability, strength of Corporate Finance &amp; freedom of individual finance\",\"potentialAction\":[{\"@type\":\"SearchAction\",\"target\":{\"@type\":\"EntryPoint\",\"urlTemplate\":\"https:\/\/edubelife.vn\/?s={search_term_string}\"},\"query-input\":{\"@type\":\"PropertyValueSpecification\",\"valueRequired\":true,\"valueName\":\"search_term_string\"}}],\"inLanguage\":\"en-US\"}]}<\/script>\n<!-- \/ Yoast SEO Premium plugin. -->","yoast_head_json":{"title":"Information Policy - Edubelife | Education for a beautiful life","robots":{"index":"index","follow":"follow","max-snippet":"max-snippet:-1","max-image-preview":"max-image-preview:large","max-video-preview":"max-video-preview:-1"},"canonical":"https:\/\/edubelife.vn\/en\/information-policy\/","og_locale":"en_US","og_type":"article","og_title":"Information Policy","og_description":"\u0110\u00e2y l\u00e0 trang ti\u1ebfng anh, copy n\u1ed9i dung ti\u1ebfng anh v\u00e0o \u0111\u00e2y","og_url":"https:\/\/edubelife.vn\/en\/information-policy\/","og_site_name":"Edubelife | Education for a beautiful life","article_modified_time":"2019-03-24T03:22:42+00:00","twitter_card":"summary_large_image","schema":{"@context":"https:\/\/schema.org","@graph":[{"@type":"WebPage","@id":"https:\/\/edubelife.vn\/en\/information-policy\/","url":"https:\/\/edubelife.vn\/en\/information-policy\/","name":"Information Policy - Edubelife | Education for a beautiful life","isPartOf":{"@id":"https:\/\/edubelife.vn\/#website"},"datePublished":"2019-03-24T03:11:20+00:00","dateModified":"2019-03-24T03:22:42+00:00","breadcrumb":{"@id":"https:\/\/edubelife.vn\/en\/information-policy\/#breadcrumb"},"inLanguage":"en-US","potentialAction":[{"@type":"ReadAction","target":["https:\/\/edubelife.vn\/en\/information-policy\/"]}]},{"@type":"BreadcrumbList","@id":"https:\/\/edubelife.vn\/en\/information-policy\/#breadcrumb","itemListElement":[{"@type":"ListItem","position":1,"name":"Home","item":"https:\/\/edubelife.vn\/en\/"},{"@type":"ListItem","position":2,"name":"Information Policy"}]},{"@type":"WebSite","@id":"https:\/\/edubelife.vn\/#website","url":"https:\/\/edubelife.vn\/","name":"Edubelife | Education for a beautiful life","description":"EDUBELIFE - Solutions for Sustainability, strength of Corporate Finance &amp; freedom of individual finance","potentialAction":[{"@type":"SearchAction","target":{"@type":"EntryPoint","urlTemplate":"https:\/\/edubelife.vn\/?s={search_term_string}"},"query-input":{"@type":"PropertyValueSpecification","valueRequired":true,"valueName":"search_term_string"}}],"inLanguage":"en-US"}]}},"_links":{"self":[{"href":"https:\/\/edubelife.vn\/en\/wp-json\/wp\/v2\/pages\/5298","targetHints":{"allow":["GET"]}}],"collection":[{"href":"https:\/\/edubelife.vn\/en\/wp-json\/wp\/v2\/pages"}],"about":[{"href":"https:\/\/edubelife.vn\/en\/wp-json\/wp\/v2\/types\/page"}],"author":[{"embeddable":true,"href":"https:\/\/edubelife.vn\/en\/wp-json\/wp\/v2\/users\/1"}],"replies":[{"embeddable":true,"href":"https:\/\/edubelife.vn\/en\/wp-json\/wp\/v2\/comments?post=5298"}],"version-history":[{"count":2,"href":"https:\/\/edubelife.vn\/en\/wp-json\/wp\/v2\/pages\/5298\/revisions"}],"predecessor-version":[{"id":5301,"href":"https:\/\/edubelife.vn\/en\/wp-json\/wp\/v2\/pages\/5298\/revisions\/5301"}],"wp:attachment":[{"href":"https:\/\/edubelife.vn\/en\/wp-json\/wp\/v2\/media?parent=5298"}],"curies":[{"name":"wp","href":"https:\/\/api.w.org\/{rel}","templated":true}]}}