{"id":5009,"date":"2019-03-20T09:16:42","date_gmt":"2019-03-20T02:16:42","guid":{"rendered":"http:\/\/edubelife.vn\/en\/?page_id=5009"},"modified":"2019-06-16T23:39:56","modified_gmt":"2019-06-16T16:39:56","slug":"operating-principles","status":"publish","type":"page","link":"https:\/\/edubelife.vn\/en\/operating-principles\/","title":{"rendered":"Operating Principles"},"content":{"rendered":"\n<table id=\"tablepress-5\" class=\"tablepress tablepress-id-5\">\n<thead>\n<tr class=\"row-1 odd\">\n\t<th class=\"column-1\">TT<\/th><th class=\"column-2\">M\u00e3 l\u1edbp<\/th><th class=\"column-3\">T\u00caN KH\u00d3A H\u1eccC<\/th><th class=\"column-4\">L\u1ecaCH H\u1eccC<\/th><th class=\"column-5\">NG\u00c0Y KHAI GI\u1ea2NG<\/th><th class=\"column-6\">\u0110\u1ecaA \u0110I\u1ec2M<\/th><th class=\"column-7\">H\u1eccC PH\u00cd<\/th><th class=\"column-8\">GHI CH\u00da<\/th>\n<\/tr>\n<\/thead>\n<tbody class=\"row-hover\">\n<tr class=\"row-2 even\">\n\t<td class=\"column-1\">1<\/td><td class=\"column-2\">Weekwend D 5-6<\/td><td class=\"column-3\">Kh\u00f3a h\u1ecdc:\u201d K\u1ef9 n\u0103ng T\u00e0i ch\u00ednh &amp; Kh\u1eddi nghi\u1ec7p Nh\u00ed\u201d  d\u00e0nh cho tr\u1ebb t\u1eeb 5 \u0111\u1ebfn 6<\/td><td class=\"column-4\">- T\u1ed5ng th\u1eddi l\u01b0\u1ee3ng th\u1eddi gian h\u1ecdc: 21h  bao g\u1ed3m 17h h\u1ecdc t\u1eadp &amp; th\u1ef1c h\u00e0nh t\u1ea1i l\u1edbp h\u1ecdc; 4h tr\u1ea3i nghi\u1ec7m th\u1ef1c t\u1ebf<br \/>\n- H\u1ecdc 2 ng\u00e0y: t\u1eeb 8h30 \u0111\u1ebfn 5h30 (\u0111\u1ea7u tu\u1ea7n, cu\u1ed1i tu\u1ea7n) v\u00e0 n\u1eeda ng\u00e0y tr\u1ea3i nghi\u1ec7m<\/td><td class=\"column-5\">Ng\u00e0y 07\/07\/2018<\/td><td class=\"column-6\"><\/td><td class=\"column-7\">Gi\u00e1 g\u1ed1c 3,5 tri\u1ec7u \u0111\u1ed3ng, <br \/>\n- Gi\u1ea3m h\u1ecdc ph\u00ed c\u00f2n 2.100.000 \u0111\u1ed3ng\/h\u1ecdc sinh (cho gia \u0111\u00ecnh \u0111\u0103ng k\u00fd t\u1eeb 2 con tr\u1edf l\u00ean)<br \/>\n- Gi\u1ea3m h\u1ecdc ph\u00ed c\u00f2n 2.500.000 \u0111\u1ed3ng\/h\u1ecdc sinh (\u0111\u1ed1i v\u1edbi nh\u00f3m \u0111\u0103ng k\u00fd t\u1eeb 2 con tr\u1edf l\u00ean)<br \/>\n- H\u1ecdc ph\u00ed tr\u00ean \u0111\u00e3 bao g\u1ed3m: ti\u1ec1n \u0102n tr\u01b0a 2 bu\u1ed5i, \u0103n gi\u1eefa gi\u1edd 5 b\u1eefa, n\u01b0\u1edbc u\u1ed1ng, h\u1ecdc ph\u1ea9m, phi\u1ebfu b\u00e0i t\u1eadp, ti\u1ec1n cho  c\u00e1c con ti\u00eau trong bu\u1ed5i tr\u1ea3i nghi\u1ec7m, H\u1ed9i ch\u1ee3 gi\u00e1o d\u1ee5c\u2026)<\/td><td class=\"column-8\">Ng\u00e0y tr\u1ea3i nghi\u1ec7m s\u1ebd th\u1ed1ng nh\u1ea5t v\u00e0 th\u00f4ng b\u00e1o l\u1ecbch tr\u01b0\u1edbc v\u1edbi ph\u1ee5 huynh<\/td>\n<\/tr>\n<tr class=\"row-3 odd\">\n\t<td class=\"column-1\">2<\/td><td class=\"column-2\">Working D 5-6<\/td><td class=\"column-3\">Kh\u00f3a h\u1ecdc:\u201d K\u1ef9 n\u0103ng T\u00e0i ch\u00ednh &amp; Kh\u1eddi nghi\u1ec7p Nh\u00ed\u201d  d\u00e0nh cho tr\u1ebb t\u1eeb 7 \u0111\u1ebfn 12 tu\u1ed5i<\/td><td class=\"column-4\">- T\u1ed5ng th\u1eddi l\u01b0\u1ee3ng th\u1eddi gian h\u1ecdc: 21h  bao g\u1ed3m 17h h\u1ecdc t\u1eadp &amp; th\u1ef1c h\u00e0nh t\u1ea1i l\u1edbp h\u1ecdc; 4h tr\u1ea3i nghi\u1ec7m th\u1ef1c t\u1ebf<br \/>\n- H\u1ecdc 2 ng\u00e0y TRONG TU\u1ea6N: t\u1eeb 8h30 \u0111\u1ebfn 5h30 (2 bu\u1ed5i h\u1ecdc c\u00e1ch nhau) v\u00e0 n\u1eeda ng\u00e0y tr\u1ea3i nghi\u1ec7m<\/td><td class=\"column-5\">Ng\u00e0y 07\/07\/2018<\/td><td class=\"column-6\"><\/td><td class=\"column-7\">Gi\u00e1 g\u1ed1c 3,5 tri\u1ec7u \u0111\u1ed3ng, <br \/>\n- Gi\u1ea3m h\u1ecdc ph\u00ed c\u00f2n 2.100.000 \u0111\u1ed3ng\/h\u1ecdc sinh (cho gia \u0111\u00ecnh \u0111\u0103ng k\u00fd t\u1eeb 2 con tr\u1edf l\u00ean)<br \/>\n- Gi\u1ea3m h\u1ecdc ph\u00ed c\u00f2n 2.500.000 \u0111\u1ed3ng\/h\u1ecdc sinh (\u0111\u1ed1i v\u1edbi nh\u00f3m \u0111\u0103ng k\u00fd t\u1eeb 2 con tr\u1edf l\u00ean)<br \/>\n- H\u1ecdc ph\u00ed tr\u00ean \u0111\u00e3 bao g\u1ed3m: ti\u1ec1n \u0102n tr\u01b0a 2 bu\u1ed5i, \u0103n gi\u1eefa gi\u1edd 5 b\u1eefa, n\u01b0\u1edbc u\u1ed1ng, h\u1ecdc ph\u1ea9m, phi\u1ebfu b\u00e0i t\u1eadp, ti\u1ec1n cho  c\u00e1c con ti\u00eau trong bu\u1ed5i tr\u1ea3i nghi\u1ec7m, H\u1ed9i ch\u1ee3 gi\u00e1o d\u1ee5c\u2026)<\/td><td class=\"column-8\">Th\u1eddi gian h\u1ecdc v\u00e0  tr\u1ea3i nghi\u1ec7m s\u1ebd th\u1ed1ng nh\u1ea5t v\u1edbi ph\u1ee5 huynh sau bu\u1ed5i khai gi\u1ea3ng<\/td>\n<\/tr>\n<tr class=\"row-4 even\">\n\t<td class=\"column-1\">3<\/td><td class=\"column-2\">Weekwend D 7-12<\/td><td class=\"column-3\">Kh\u00f3a h\u1ecdc:\u201d K\u1ef9 n\u0103ng T\u00e0i ch\u00ednh &amp; Kh\u1eddi nghi\u1ec7p Nh\u00ed\u201d  d\u00e0nh cho tr\u1ebb t\u1eeb 7 \u0111\u1ebfn 12 tu\u1ed5i<\/td><td class=\"column-4\">- T\u1ed5ng th\u1eddi l\u01b0\u1ee3ng th\u1eddi gian h\u1ecdc: 21h  bao g\u1ed3m 17h h\u1ecdc t\u1eadp &amp; th\u1ef1c h\u00e0nh t\u1ea1i l\u1edbp h\u1ecdc; 4h tr\u1ea3i nghi\u1ec7m th\u1ef1c t\u1ebf<br \/>\n- H\u1ecdc 2 ng\u00e0y: t\u1eeb 8h30 \u0111\u1ebfn 5h30 (\u0111\u1ea7u tu\u1ea7n, cu\u1ed1i tu\u1ea7n) v\u00e0 n\u1eeda ng\u00e0y tr\u1ea3i nghi\u1ec7m<\/td><td class=\"column-5\">Ng\u00e0y 15\/09\/2018<\/td><td class=\"column-6\"><\/td><td class=\"column-7\">Gi\u00e1 g\u1ed1c 3,5 tri\u1ec7u \u0111\u1ed3ng, <br \/>\n- Gi\u1ea3m h\u1ecdc ph\u00ed c\u00f2n 2.100.000 \u0111\u1ed3ng\/h\u1ecdc sinh (cho gia \u0111\u00ecnh \u0111\u0103ng k\u00fd t\u1eeb 2 con tr\u1edf l\u00ean)<br \/>\n- Gi\u1ea3m h\u1ecdc ph\u00ed c\u00f2n 2.500.000 \u0111\u1ed3ng\/h\u1ecdc sinh (\u0111\u1ed1i v\u1edbi nh\u00f3m \u0111\u0103ng k\u00fd t\u1eeb 2 con tr\u1edf l\u00ean)<br \/>\n- H\u1ecdc ph\u00ed tr\u00ean \u0111\u00e3 bao g\u1ed3m: ti\u1ec1n \u0102n tr\u01b0a 2 bu\u1ed5i, \u0103n gi\u1eefa gi\u1edd 5 b\u1eefa, n\u01b0\u1edbc u\u1ed1ng, h\u1ecdc ph\u1ea9m, phi\u1ebfu b\u00e0i t\u1eadp, ti\u1ec1n cho  c\u00e1c con ti\u00eau trong bu\u1ed5i tr\u1ea3i nghi\u1ec7m, H\u1ed9i ch\u1ee3 gi\u00e1o d\u1ee5c\u2026)<\/td><td class=\"column-8\">Ng\u00e0y tr\u1ea3i nghi\u1ec7m s\u1ebd th\u1ed1ng nh\u1ea5t v\u00e0 th\u00f4ng b\u00e1o l\u1ecbch tr\u01b0\u1edbc v\u1edbi ph\u1ee5 huynh<\/td>\n<\/tr>\n<tr class=\"row-5 odd\">\n\t<td class=\"column-1\">4<\/td><td class=\"column-2\">Working D 7-12<\/td><td class=\"column-3\">Kh\u00f3a h\u1ecdc:\u201d K\u1ef9 n\u0103ng T\u00e0i ch\u00ednh &amp; Kh\u1eddi nghi\u1ec7p Nh\u00ed\u201d  d\u00e0nh cho tr\u1ebb t\u1eeb 7 \u0111\u1ebfn 12 tu\u1ed5i<\/td><td class=\"column-4\">- T\u1ed5ng th\u1eddi l\u01b0\u1ee3ng th\u1eddi gian h\u1ecdc: 21h  bao g\u1ed3m 17h h\u1ecdc t\u1eadp &amp; th\u1ef1c h\u00e0nh t\u1ea1i l\u1edbp h\u1ecdc; 4h tr\u1ea3i nghi\u1ec7m th\u1ef1c t\u1ebf<br \/>\n- H\u1ecdc 2 ng\u00e0y TRONG TU\u1ea6N: t\u1eeb 8h30 \u0111\u1ebfn 5h30 (2 bu\u1ed5i h\u1ecdc c\u00e1ch nhau) v\u00e0 n\u1eeda ng\u00e0y tr\u1ea3i nghi\u1ec7m<\/td><td class=\"column-5\">Ng\u00e0y 15\/09\/2018<\/td><td class=\"column-6\"><\/td><td class=\"column-7\">Gi\u00e1 g\u1ed1c 3,5 tri\u1ec7u \u0111\u1ed3ng, <br \/>\n- Gi\u1ea3m h\u1ecdc ph\u00ed c\u00f2n 2.100.000 \u0111\u1ed3ng\/h\u1ecdc sinh (cho gia \u0111\u00ecnh \u0111\u0103ng k\u00fd t\u1eeb 2 con tr\u1edf l\u00ean)<br \/>\n- Gi\u1ea3m h\u1ecdc ph\u00ed c\u00f2n 2.500.000 \u0111\u1ed3ng\/h\u1ecdc sinh (\u0111\u1ed1i v\u1edbi nh\u00f3m \u0111\u0103ng k\u00fd t\u1eeb 2 con tr\u1edf l\u00ean)<br \/>\n- H\u1ecdc ph\u00ed tr\u00ean \u0111\u00e3 bao g\u1ed3m: ti\u1ec1n \u0102n tr\u01b0a 2 bu\u1ed5i, \u0103n gi\u1eefa gi\u1edd 5 b\u1eefa, n\u01b0\u1edbc u\u1ed1ng, h\u1ecdc ph\u1ea9m, phi\u1ebfu b\u00e0i t\u1eadp, ti\u1ec1n cho  c\u00e1c con ti\u00eau trong bu\u1ed5i tr\u1ea3i nghi\u1ec7m, H\u1ed9i ch\u1ee3 gi\u00e1o d\u1ee5c\u2026)<\/td><td class=\"column-8\">Th\u1eddi gian h\u1ecdc v\u00e0  tr\u1ea3i nghi\u1ec7m s\u1ebd th\u1ed1ng nh\u1ea5t v\u1edbi ph\u1ee5 huynh sau bu\u1ed5i khai gi\u1ea3ng<\/td>\n<\/tr>\n<\/tbody>\n<\/table>\n<!-- #tablepress-5 from cache -->\n","protected":false},"excerpt":{"rendered":"TTM\u00e3 l\u1edbpT\u00caN KH\u00d3A H\u1eccCL\u1ecaCH H\u1eccCNG\u00c0Y KHAI GI\u1ea2NG\u0110\u1ecaA \u0110I\u1ec2MH\u1eccC PH\u00cdGHI CH\u00da 1Weekwend D 5-6Kh\u00f3a h\u1ecdc:\u201d K\u1ef9 n\u0103ng T\u00e0i ch\u00ednh &amp; Kh\u1eddi nghi\u1ec7p Nh\u00ed\u201d d\u00e0nh cho tr\u1ebb t\u1eeb 5 \u0111\u1ebfn 6- T\u1ed5ng th\u1eddi l\u01b0\u1ee3ng th\u1eddi gian h\u1ecdc: 21h bao g\u1ed3m 17h h\u1ecdc t\u1eadp &amp; th\u1ef1c h\u00e0nh t\u1ea1i l\u1edbp h\u1ecdc; 4h tr\u1ea3i nghi\u1ec7m th\u1ef1c t\u1ebf - H\u1ecdc 2 [...]","protected":false},"author":1,"featured_media":0,"parent":0,"menu_order":0,"comment_status":"closed","ping_status":"closed","template":"","meta":{"footnotes":""},"class_list":["post-5009","page","type-page","status-publish","hentry"],"yoast_head":"<!-- This site is optimized with the Yoast SEO Premium plugin v23.4 (Yoast SEO v23.9) - https:\/\/yoast.com\/wordpress\/plugins\/seo\/ -->\n<title>Operating Principles - Edubelife | Education for a beautiful life<\/title>\n<meta name=\"robots\" content=\"index, follow, max-snippet:-1, max-image-preview:large, max-video-preview:-1\" \/>\n<link rel=\"canonical\" href=\"https:\/\/edubelife.vn\/en\/operating-principles\/\" \/>\n<meta property=\"og:locale\" content=\"en_US\" \/>\n<meta property=\"og:type\" content=\"article\" \/>\n<meta property=\"og:title\" content=\"Operating Principles\" \/>\n<meta property=\"og:url\" content=\"https:\/\/edubelife.vn\/en\/operating-principles\/\" \/>\n<meta property=\"og:site_name\" content=\"Edubelife | Education for a beautiful life\" \/>\n<meta property=\"article:modified_time\" content=\"2019-06-16T16:39:56+00:00\" \/>\n<meta name=\"twitter:card\" content=\"summary_large_image\" \/>\n<script type=\"application\/ld+json\" class=\"yoast-schema-graph\">{\"@context\":\"https:\/\/schema.org\",\"@graph\":[{\"@type\":\"WebPage\",\"@id\":\"https:\/\/edubelife.vn\/en\/operating-principles\/\",\"url\":\"https:\/\/edubelife.vn\/en\/operating-principles\/\",\"name\":\"Operating Principles - Edubelife | Education for a beautiful life\",\"isPartOf\":{\"@id\":\"https:\/\/edubelife.vn\/#website\"},\"datePublished\":\"2019-03-20T02:16:42+00:00\",\"dateModified\":\"2019-06-16T16:39:56+00:00\",\"breadcrumb\":{\"@id\":\"https:\/\/edubelife.vn\/en\/operating-principles\/#breadcrumb\"},\"inLanguage\":\"en-US\",\"potentialAction\":[{\"@type\":\"ReadAction\",\"target\":[\"https:\/\/edubelife.vn\/en\/operating-principles\/\"]}]},{\"@type\":\"BreadcrumbList\",\"@id\":\"https:\/\/edubelife.vn\/en\/operating-principles\/#breadcrumb\",\"itemListElement\":[{\"@type\":\"ListItem\",\"position\":1,\"name\":\"Home\",\"item\":\"https:\/\/edubelife.vn\/en\/\"},{\"@type\":\"ListItem\",\"position\":2,\"name\":\"Operating Principles\"}]},{\"@type\":\"WebSite\",\"@id\":\"https:\/\/edubelife.vn\/#website\",\"url\":\"https:\/\/edubelife.vn\/\",\"name\":\"Edubelife | Education for a beautiful life\",\"description\":\"EDUBELIFE - Solutions for Sustainability, strength of Corporate Finance &amp; freedom of individual finance\",\"potentialAction\":[{\"@type\":\"SearchAction\",\"target\":{\"@type\":\"EntryPoint\",\"urlTemplate\":\"https:\/\/edubelife.vn\/?s={search_term_string}\"},\"query-input\":{\"@type\":\"PropertyValueSpecification\",\"valueRequired\":true,\"valueName\":\"search_term_string\"}}],\"inLanguage\":\"en-US\"}]}<\/script>\n<!-- \/ Yoast SEO Premium plugin. -->","yoast_head_json":{"title":"Operating Principles - Edubelife | Education for a beautiful life","robots":{"index":"index","follow":"follow","max-snippet":"max-snippet:-1","max-image-preview":"max-image-preview:large","max-video-preview":"max-video-preview:-1"},"canonical":"https:\/\/edubelife.vn\/en\/operating-principles\/","og_locale":"en_US","og_type":"article","og_title":"Operating Principles","og_url":"https:\/\/edubelife.vn\/en\/operating-principles\/","og_site_name":"Edubelife | Education for a beautiful life","article_modified_time":"2019-06-16T16:39:56+00:00","twitter_card":"summary_large_image","schema":{"@context":"https:\/\/schema.org","@graph":[{"@type":"WebPage","@id":"https:\/\/edubelife.vn\/en\/operating-principles\/","url":"https:\/\/edubelife.vn\/en\/operating-principles\/","name":"Operating Principles - Edubelife | Education for a beautiful life","isPartOf":{"@id":"https:\/\/edubelife.vn\/#website"},"datePublished":"2019-03-20T02:16:42+00:00","dateModified":"2019-06-16T16:39:56+00:00","breadcrumb":{"@id":"https:\/\/edubelife.vn\/en\/operating-principles\/#breadcrumb"},"inLanguage":"en-US","potentialAction":[{"@type":"ReadAction","target":["https:\/\/edubelife.vn\/en\/operating-principles\/"]}]},{"@type":"BreadcrumbList","@id":"https:\/\/edubelife.vn\/en\/operating-principles\/#breadcrumb","itemListElement":[{"@type":"ListItem","position":1,"name":"Home","item":"https:\/\/edubelife.vn\/en\/"},{"@type":"ListItem","position":2,"name":"Operating Principles"}]},{"@type":"WebSite","@id":"https:\/\/edubelife.vn\/#website","url":"https:\/\/edubelife.vn\/","name":"Edubelife | Education for a beautiful life","description":"EDUBELIFE - Solutions for Sustainability, strength of Corporate Finance &amp; freedom of individual finance","potentialAction":[{"@type":"SearchAction","target":{"@type":"EntryPoint","urlTemplate":"https:\/\/edubelife.vn\/?s={search_term_string}"},"query-input":{"@type":"PropertyValueSpecification","valueRequired":true,"valueName":"search_term_string"}}],"inLanguage":"en-US"}]}},"_links":{"self":[{"href":"https:\/\/edubelife.vn\/en\/wp-json\/wp\/v2\/pages\/5009","targetHints":{"allow":["GET"]}}],"collection":[{"href":"https:\/\/edubelife.vn\/en\/wp-json\/wp\/v2\/pages"}],"about":[{"href":"https:\/\/edubelife.vn\/en\/wp-json\/wp\/v2\/types\/page"}],"author":[{"embeddable":true,"href":"https:\/\/edubelife.vn\/en\/wp-json\/wp\/v2\/users\/1"}],"replies":[{"embeddable":true,"href":"https:\/\/edubelife.vn\/en\/wp-json\/wp\/v2\/comments?post=5009"}],"version-history":[{"count":1,"href":"https:\/\/edubelife.vn\/en\/wp-json\/wp\/v2\/pages\/5009\/revisions"}],"predecessor-version":[{"id":5012,"href":"https:\/\/edubelife.vn\/en\/wp-json\/wp\/v2\/pages\/5009\/revisions\/5012"}],"wp:attachment":[{"href":"https:\/\/edubelife.vn\/en\/wp-json\/wp\/v2\/media?parent=5009"}],"curies":[{"name":"wp","href":"https:\/\/api.w.org\/{rel}","templated":true}]}}