{"id":5001,"date":"2019-03-20T09:08:44","date_gmt":"2019-03-20T02:08:44","guid":{"rendered":"http:\/\/edubelife.vn\/en\/?page_id=5001"},"modified":"2019-06-16T23:41:30","modified_gmt":"2019-06-16T16:41:30","slug":"images-of-courses","status":"publish","type":"page","link":"https:\/\/edubelife.vn\/en\/library\/images-of-courses\/","title":{"rendered":"Images of courses"},"content":{"rendered":"<div class=\"wonderplugingallery-container\" id=\"wonderplugingallery-container-1\" style=\"max-width:762px;margin:0 auto;\"><div class=\"wonderplugingallery\" id=\"wonderplugingallery-1\" data-galleryid=\"1\" data-width=\"762\" data-height=\"400\" data-skin=\"gallery\" data-autoslide=\"false\" data-autoplayvideo=\"false\" data-html5player=\"true\" data-responsive=\"true\" data-fullwidth=\"false\" data-showtitle=\"true\" data-showdescription=\"true\" data-showplaybutton=\"true\" data-showfullscreenbutton=\"true\" data-showtimer=\"true\" data-showcarousel=\"true\" data-galleryshadow=\"false\" data-slideshadow=\"true\" data-thumbshowtitle=\"true\" data-thumbshadow=\"true\" data-lightboxshowtitle=\"true\" data-lightboxshowdescription=\"true\" data-specifyid=\"true\" data-duration=\"1500\" data-slideduration=\"1000\" data-slideshowinterval=\"6000\" data-googleanalyticsaccount=\"\" data-resizemode=\"fill\" data-imagetoolboxmode=\"mouseover\" data-effect=\"fade\" data-padding=\"12\" data-bgcolor=\"\" data-bgimage=\"\" data-thumbwidth=\"120\" data-thumbheight=\"60\" data-thumbgap=\"8\" data-thumbrowgap=\"16\" data-lightboxtextheight=\"72\" data-lightboxtitlecss=\"{color:#333333; font:bold 12px Arial,Helvetica,sans-serif; overflow:hidden; white-space:normal; line-height:18px;}\" data-lightboxdescriptioncss=\"{color:#333333; font:normal 12px Arial,Helvetica,sans-serif; overflow:hidden; white-space:normal; line-height:14px;}\" data-titlecss=\"{color:#ffffff; font-size:14px; font-family:Armata, sans-serif, Arial; overflow:hidden; text-align:left; padding:10px 0px 10px 10px; background:rgb(102, 102, 102) transparent; background:rgba(102, 102, 102, 0.6);}\" data-descriptioncss=\"{color:#ffffff; font-size:13px; font-family:Armata, sans-serif, Arial; overflow:hidden; text-align:left; padding:0px 0px 10px 10px; background:rgb(102, 102, 102) transparent; background:rgba(102, 102, 102, 0.6);}\" data-jsfolder=\"https:\/\/edubelife.vn\/wp-content\/plugins\/wonderplugin-gallery\/engine\/\" style=\"display:none;\" ><a href=\"http:\/\/edubelife.vn\/wp-content\/uploads\/2016\/06\/khoa-hoc-ky-nang-edubelife.jpg\"><img decoding=\"async\" class=\"html5galleryimg\" src=\"http:\/\/edubelife.vn\/wp-content\/uploads\/2016\/06\/khoa-hoc-ky-nang-edubelife-150x150.jpg\" alt=\"khoa-hoc-ky-nang- edubelife\" data-description=\"kh\u00f3a h\u1ecdc k\u1ef9 n\u0103ng t\u00e0i ch\u00ednh cho tr\u1ebb\"><\/a><a href=\"http:\/\/edubelife.vn\/wp-content\/uploads\/2016\/07\/Edubelife-37.jpg\"><img decoding=\"async\" class=\"html5galleryimg\" src=\"http:\/\/edubelife.vn\/wp-content\/uploads\/2016\/07\/Edubelife-37-150x150.jpg\" alt=\"Edubelife-37\"><\/a><a href=\"http:\/\/edubelife.vn\/wp-content\/uploads\/2016\/07\/Edubelife-36.jpg\"><img decoding=\"async\" class=\"html5galleryimg\" src=\"http:\/\/edubelife.vn\/wp-content\/uploads\/2016\/07\/Edubelife-36-150x150.jpg\" alt=\"Edubelife-36\"><\/a><a href=\"http:\/\/edubelife.vn\/wp-content\/uploads\/2016\/07\/Edubelife-34.jpg\"><img decoding=\"async\" class=\"html5galleryimg\" src=\"http:\/\/edubelife.vn\/wp-content\/uploads\/2016\/07\/Edubelife-34-150x150.jpg\" alt=\"Edubelife-34\"><\/a><a href=\"http:\/\/edubelife.vn\/wp-content\/uploads\/2016\/07\/Edubelife-33.jpg\"><img decoding=\"async\" class=\"html5galleryimg\" src=\"http:\/\/edubelife.vn\/wp-content\/uploads\/2016\/07\/Edubelife-33-150x150.jpg\" alt=\"Edubelife-33\"><\/a><a href=\"http:\/\/edubelife.vn\/wp-content\/uploads\/2016\/07\/Edubelife-32.jpg\"><img decoding=\"async\" class=\"html5galleryimg\" src=\"http:\/\/edubelife.vn\/wp-content\/uploads\/2016\/07\/Edubelife-32-150x150.jpg\" alt=\"Edubelife-32\"><\/a><a href=\"http:\/\/edubelife.vn\/wp-content\/uploads\/2016\/07\/Edubelife-31.jpg\"><img decoding=\"async\" class=\"html5galleryimg\" src=\"http:\/\/edubelife.vn\/wp-content\/uploads\/2016\/07\/Edubelife-31-150x150.jpg\" alt=\"Edubelife-31\"><\/a><a href=\"http:\/\/edubelife.vn\/wp-content\/uploads\/2016\/07\/Edubelife-30.jpg\"><img decoding=\"async\" class=\"html5galleryimg\" src=\"http:\/\/edubelife.vn\/wp-content\/uploads\/2016\/07\/Edubelife-30-150x150.jpg\" alt=\"Edubelife-30\"><\/a><a href=\"http:\/\/edubelife.vn\/wp-content\/uploads\/2016\/07\/Edubelife-29.jpg\"><img decoding=\"async\" class=\"html5galleryimg\" src=\"http:\/\/edubelife.vn\/wp-content\/uploads\/2016\/07\/Edubelife-29-150x150.jpg\" alt=\"Edubelife-29\"><\/a><a href=\"http:\/\/edubelife.vn\/wp-content\/uploads\/2016\/07\/Edubelife-28.jpg\"><img decoding=\"async\" class=\"html5galleryimg\" src=\"http:\/\/edubelife.vn\/wp-content\/uploads\/2016\/07\/Edubelife-28-150x150.jpg\" alt=\"Edubelife-28\"><\/a><a href=\"http:\/\/edubelife.vn\/wp-content\/uploads\/2016\/07\/Edubelife-27.jpg\"><img decoding=\"async\" class=\"html5galleryimg\" src=\"http:\/\/edubelife.vn\/wp-content\/uploads\/2016\/07\/Edubelife-27-150x150.jpg\" alt=\"Edubelife-27\"><\/a><a href=\"http:\/\/edubelife.vn\/wp-content\/uploads\/2016\/07\/Edubelife-26.jpg\"><img decoding=\"async\" class=\"html5galleryimg\" src=\"http:\/\/edubelife.vn\/wp-content\/uploads\/2016\/07\/Edubelife-26-150x150.jpg\" alt=\"Edubelife-26\"><\/a><a href=\"http:\/\/edubelife.vn\/wp-content\/uploads\/2016\/07\/Edubelife-25.jpg\"><img decoding=\"async\" class=\"html5galleryimg\" src=\"http:\/\/edubelife.vn\/wp-content\/uploads\/2016\/07\/Edubelife-25-150x150.jpg\" alt=\"Edubelife-25\"><\/a><a href=\"http:\/\/edubelife.vn\/wp-content\/uploads\/2016\/06\/Edubelife-ky-nang-tai-chinh.jpg\"><img decoding=\"async\" class=\"html5galleryimg\" src=\"http:\/\/edubelife.vn\/wp-content\/uploads\/2016\/06\/Edubelife-ky-nang-tai-chinh-150x150.jpg\" alt=\"Edubelife-ky-nang-tai-chinh\"><\/a><a href=\"http:\/\/edubelife.vn\/wp-content\/uploads\/2016\/06\/Edubelife-22.jpg\"><img decoding=\"async\" class=\"html5galleryimg\" src=\"http:\/\/edubelife.vn\/wp-content\/uploads\/2016\/06\/Edubelife-22-150x150.jpg\" alt=\"Edubelife-22\"><\/a><a href=\"http:\/\/edubelife.vn\/wp-content\/uploads\/2016\/06\/Edubelife-21.jpg\"><img decoding=\"async\" class=\"html5galleryimg\" src=\"http:\/\/edubelife.vn\/wp-content\/uploads\/2016\/06\/Edubelife-21-150x150.jpg\" alt=\"Edubelife-21\"><\/a><a href=\"http:\/\/edubelife.vn\/wp-content\/uploads\/2016\/06\/Edubelife-20.jpg\"><img decoding=\"async\" class=\"html5galleryimg\" src=\"http:\/\/edubelife.vn\/wp-content\/uploads\/2016\/06\/Edubelife-20-150x150.jpg\" alt=\"Edubelife-20\" data-description=\"Nh\u1eefng k\u1ef9 n\u0103ng s\u1ed1ng cho tr\u1ebb trong x\u00e3 h\u1ed9i hi\u1ec7n \u0111\u1ea1i\"><\/a><a href=\"http:\/\/edubelife.vn\/wp-content\/uploads\/2016\/06\/Edubelife-19.jpg\"><img decoding=\"async\" class=\"html5galleryimg\" src=\"http:\/\/edubelife.vn\/wp-content\/uploads\/2016\/06\/Edubelife-19-150x150.jpg\" alt=\"Edubelife-19\" data-description=\"Nh\u1eefng k\u1ef9 n\u0103ng s\u1ed1ng cho tr\u1ebb trong x\u00e3 h\u1ed9i hi\u1ec7n \u0111\u1ea1i\"><\/a><a href=\"http:\/\/edubelife.vn\/wp-content\/uploads\/2017\/09\/Lop-hoc-mien-phi-Day-con-cach-dung-tien-hoc-phanI-Edubelife-3.png\"><img decoding=\"async\" class=\"html5galleryimg\" src=\"http:\/\/edubelife.vn\/wp-content\/uploads\/2017\/09\/Lop-hoc-mien-phi-Day-con-cach-dung-tien-hoc-phanI-Edubelife-3-150x150.png\" alt=\"Lop-hoc-mien-phi-Day-con-cach-dung-tien-hoc-phanI-Edubelife (3)\"><\/a><a href=\"http:\/\/edubelife.vn\/wp-content\/uploads\/2017\/09\/Lop-hoc-mien-phi-Day-con-cach-dung-tien-hoc-phanI-Edubelife-3.jpg\"><img decoding=\"async\" class=\"html5galleryimg\" src=\"http:\/\/edubelife.vn\/wp-content\/uploads\/2017\/09\/Lop-hoc-mien-phi-Day-con-cach-dung-tien-hoc-phanI-Edubelife-3-150x150.jpg\" alt=\"Lop-hoc-mien-phi-Day-con-cach-dung-tien-hoc-phanI-Edubelife (3)\"><\/a><a href=\"http:\/\/edubelife.vn\/wp-content\/uploads\/2017\/09\/Lop-hoc-mien-phi-Day-con-cach-dung-tien-hoc-phanI-Edubelife-2.png\"><img decoding=\"async\" class=\"html5galleryimg\" src=\"http:\/\/edubelife.vn\/wp-content\/uploads\/2017\/09\/Lop-hoc-mien-phi-Day-con-cach-dung-tien-hoc-phanI-Edubelife-2-150x150.png\" alt=\"Lop-hoc-mien-phi-Day-con-cach-dung-tien-hoc-phanI-Edubelife (2)\"><\/a><a href=\"http:\/\/edubelife.vn\/wp-content\/uploads\/2017\/09\/Lop-hoc-mien-phi-Day-con-cach-dung-tien-hoc-phanI-Edubelife-2.jpg\"><img decoding=\"async\" class=\"html5galleryimg\" src=\"http:\/\/edubelife.vn\/wp-content\/uploads\/2017\/09\/Lop-hoc-mien-phi-Day-con-cach-dung-tien-hoc-phanI-Edubelife-2-150x150.jpg\" alt=\"Lop-hoc-mien-phi-Day-con-cach-dung-tien-hoc-phanI-Edubelife (2)\"><\/a><a href=\"http:\/\/edubelife.vn\/wp-content\/uploads\/2017\/09\/Lop-hoc-mien-phi-Day-con-cach-dung-tien-hoc-phanI-Edubelife-1.png\"><img decoding=\"async\" class=\"html5galleryimg\" src=\"http:\/\/edubelife.vn\/wp-content\/uploads\/2017\/09\/Lop-hoc-mien-phi-Day-con-cach-dung-tien-hoc-phanI-Edubelife-1-150x150.png\" alt=\"Lop-hoc-mien-phi-Day-con-cach-dung-tien-hoc-phanI-Edubelife (1)\"><\/a><a href=\"http:\/\/edubelife.vn\/wp-content\/uploads\/2017\/09\/Lop-hoc-mien-phi-Day-con-cach-dung-tien-hoc-phanI-Edubelife-1.jpg\"><img decoding=\"async\" class=\"html5galleryimg\" src=\"http:\/\/edubelife.vn\/wp-content\/uploads\/2017\/09\/Lop-hoc-mien-phi-Day-con-cach-dung-tien-hoc-phanI-Edubelife-1-150x150.jpg\" alt=\"Lop-hoc-mien-phi-Day-con-cach-dung-tien-hoc-phanI-Edubelife (1)\"><\/a><a href=\"http:\/\/edubelife.vn\/wp-content\/uploads\/2018\/01\/Hoi-thao-Eudbelife.jpg\"><img decoding=\"async\" class=\"html5galleryimg\" src=\"http:\/\/edubelife.vn\/wp-content\/uploads\/2018\/01\/Hoi-thao-Eudbelife-150x150.jpg\" alt=\"Hoi-thao-Eudbelife\"><\/a><a href=\"http:\/\/edubelife.vn\/wp-content\/uploads\/2018\/01\/Hoi-thao-Eudbelife-1.jpg\"><img decoding=\"async\" class=\"html5galleryimg\" src=\"http:\/\/edubelife.vn\/wp-content\/uploads\/2018\/01\/Hoi-thao-Eudbelife-1-150x150.jpg\" alt=\"Hoi-thao-Eudbelife-1\"><\/a><a href=\"http:\/\/edubelife.vn\/wp-content\/uploads\/2018\/01\/Hoi-thao-Eudbelife-2.png\"><img decoding=\"async\" class=\"html5galleryimg\" src=\"http:\/\/edubelife.vn\/wp-content\/uploads\/2018\/01\/Hoi-thao-Eudbelife-2-150x150.png\" alt=\"Hoi-thao-Eudbelife-2\"><\/a><div class=\"wonderplugin-engine\"><a href=\"http:\/\/www.wonderplugin.com\/wordpress-gallery\/\" title=\"WordPress Gallery Plugin\">WordPress Gallery Plugin<\/a><\/div><\/div><\/div>\n","protected":false},"excerpt":{"rendered":"WordPress Gallery Plugin","protected":false},"author":1,"featured_media":0,"parent":4993,"menu_order":0,"comment_status":"closed","ping_status":"closed","template":"","meta":{"footnotes":""},"class_list":["post-5001","page","type-page","status-publish","hentry"],"yoast_head":"<!-- This site is optimized with the Yoast SEO Premium plugin v23.4 (Yoast SEO v23.9) - https:\/\/yoast.com\/wordpress\/plugins\/seo\/ -->\n<title>Images of courses - Edubelife | Education for a beautiful life<\/title>\n<meta name=\"robots\" content=\"index, follow, max-snippet:-1, max-image-preview:large, max-video-preview:-1\" \/>\n<link rel=\"canonical\" href=\"https:\/\/edubelife.vn\/en\/library\/images-of-courses\/\" \/>\n<meta property=\"og:locale\" content=\"en_US\" \/>\n<meta property=\"og:type\" content=\"article\" \/>\n<meta property=\"og:title\" content=\"Images of courses\" \/>\n<meta property=\"og:url\" content=\"https:\/\/edubelife.vn\/en\/library\/images-of-courses\/\" \/>\n<meta property=\"og:site_name\" content=\"Edubelife | Education for a beautiful life\" \/>\n<meta property=\"article:modified_time\" content=\"2019-06-16T16:41:30+00:00\" \/>\n<meta name=\"twitter:card\" content=\"summary_large_image\" \/>\n<script type=\"application\/ld+json\" class=\"yoast-schema-graph\">{\"@context\":\"https:\/\/schema.org\",\"@graph\":[{\"@type\":\"WebPage\",\"@id\":\"https:\/\/edubelife.vn\/en\/library\/images-of-courses\/\",\"url\":\"https:\/\/edubelife.vn\/en\/library\/images-of-courses\/\",\"name\":\"Images of courses - Edubelife | Education for a beautiful life\",\"isPartOf\":{\"@id\":\"https:\/\/edubelife.vn\/#website\"},\"datePublished\":\"2019-03-20T02:08:44+00:00\",\"dateModified\":\"2019-06-16T16:41:30+00:00\",\"breadcrumb\":{\"@id\":\"https:\/\/edubelife.vn\/en\/library\/images-of-courses\/#breadcrumb\"},\"inLanguage\":\"en-US\",\"potentialAction\":[{\"@type\":\"ReadAction\",\"target\":[\"https:\/\/edubelife.vn\/en\/library\/images-of-courses\/\"]}]},{\"@type\":\"BreadcrumbList\",\"@id\":\"https:\/\/edubelife.vn\/en\/library\/images-of-courses\/#breadcrumb\",\"itemListElement\":[{\"@type\":\"ListItem\",\"position\":1,\"name\":\"Home\",\"item\":\"https:\/\/edubelife.vn\/en\/\"},{\"@type\":\"ListItem\",\"position\":2,\"name\":\"Library\",\"item\":\"https:\/\/edubelife.vn\/en\/library\/\"},{\"@type\":\"ListItem\",\"position\":3,\"name\":\"Images of courses\"}]},{\"@type\":\"WebSite\",\"@id\":\"https:\/\/edubelife.vn\/#website\",\"url\":\"https:\/\/edubelife.vn\/\",\"name\":\"Edubelife | Education for a beautiful life\",\"description\":\"EDUBELIFE - Solutions for Sustainability, strength of Corporate Finance &amp; freedom of individual finance\",\"potentialAction\":[{\"@type\":\"SearchAction\",\"target\":{\"@type\":\"EntryPoint\",\"urlTemplate\":\"https:\/\/edubelife.vn\/?s={search_term_string}\"},\"query-input\":{\"@type\":\"PropertyValueSpecification\",\"valueRequired\":true,\"valueName\":\"search_term_string\"}}],\"inLanguage\":\"en-US\"}]}<\/script>\n<!-- \/ Yoast SEO Premium plugin. -->","yoast_head_json":{"title":"Images of courses - Edubelife | Education for a beautiful life","robots":{"index":"index","follow":"follow","max-snippet":"max-snippet:-1","max-image-preview":"max-image-preview:large","max-video-preview":"max-video-preview:-1"},"canonical":"https:\/\/edubelife.vn\/en\/library\/images-of-courses\/","og_locale":"en_US","og_type":"article","og_title":"Images of courses","og_url":"https:\/\/edubelife.vn\/en\/library\/images-of-courses\/","og_site_name":"Edubelife | Education for a beautiful life","article_modified_time":"2019-06-16T16:41:30+00:00","twitter_card":"summary_large_image","schema":{"@context":"https:\/\/schema.org","@graph":[{"@type":"WebPage","@id":"https:\/\/edubelife.vn\/en\/library\/images-of-courses\/","url":"https:\/\/edubelife.vn\/en\/library\/images-of-courses\/","name":"Images of courses - Edubelife | Education for a beautiful life","isPartOf":{"@id":"https:\/\/edubelife.vn\/#website"},"datePublished":"2019-03-20T02:08:44+00:00","dateModified":"2019-06-16T16:41:30+00:00","breadcrumb":{"@id":"https:\/\/edubelife.vn\/en\/library\/images-of-courses\/#breadcrumb"},"inLanguage":"en-US","potentialAction":[{"@type":"ReadAction","target":["https:\/\/edubelife.vn\/en\/library\/images-of-courses\/"]}]},{"@type":"BreadcrumbList","@id":"https:\/\/edubelife.vn\/en\/library\/images-of-courses\/#breadcrumb","itemListElement":[{"@type":"ListItem","position":1,"name":"Home","item":"https:\/\/edubelife.vn\/en\/"},{"@type":"ListItem","position":2,"name":"Library","item":"https:\/\/edubelife.vn\/en\/library\/"},{"@type":"ListItem","position":3,"name":"Images of courses"}]},{"@type":"WebSite","@id":"https:\/\/edubelife.vn\/#website","url":"https:\/\/edubelife.vn\/","name":"Edubelife | Education for a beautiful life","description":"EDUBELIFE - Solutions for Sustainability, strength of Corporate Finance &amp; freedom of individual finance","potentialAction":[{"@type":"SearchAction","target":{"@type":"EntryPoint","urlTemplate":"https:\/\/edubelife.vn\/?s={search_term_string}"},"query-input":{"@type":"PropertyValueSpecification","valueRequired":true,"valueName":"search_term_string"}}],"inLanguage":"en-US"}]}},"_links":{"self":[{"href":"https:\/\/edubelife.vn\/en\/wp-json\/wp\/v2\/pages\/5001","targetHints":{"allow":["GET"]}}],"collection":[{"href":"https:\/\/edubelife.vn\/en\/wp-json\/wp\/v2\/pages"}],"about":[{"href":"https:\/\/edubelife.vn\/en\/wp-json\/wp\/v2\/types\/page"}],"author":[{"embeddable":true,"href":"https:\/\/edubelife.vn\/en\/wp-json\/wp\/v2\/users\/1"}],"replies":[{"embeddable":true,"href":"https:\/\/edubelife.vn\/en\/wp-json\/wp\/v2\/comments?post=5001"}],"version-history":[{"count":1,"href":"https:\/\/edubelife.vn\/en\/wp-json\/wp\/v2\/pages\/5001\/revisions"}],"predecessor-version":[{"id":5003,"href":"https:\/\/edubelife.vn\/en\/wp-json\/wp\/v2\/pages\/5001\/revisions\/5003"}],"up":[{"embeddable":true,"href":"https:\/\/edubelife.vn\/en\/wp-json\/wp\/v2\/pages\/4993"}],"wp:attachment":[{"href":"https:\/\/edubelife.vn\/en\/wp-json\/wp\/v2\/media?parent=5001"}],"curies":[{"name":"wp","href":"https:\/\/api.w.org\/{rel}","templated":true}]}}