{"id":4994,"date":"2019-03-20T09:08:04","date_gmt":"2019-03-20T02:08:04","guid":{"rendered":"http:\/\/edubelife.vn\/en\/?page_id=4994"},"modified":"2019-06-16T23:41:25","modified_gmt":"2019-06-16T16:41:25","slug":"video-edubelife","status":"publish","type":"page","link":"https:\/\/edubelife.vn\/en\/library\/video-edubelife\/","title":{"rendered":"Video Edubelife"},"content":{"rendered":"<div class=\"wonderplugingallery-container\" id=\"wonderplugingallery-container-3\" style=\"max-width:764px;margin:0 auto;\"><div class=\"wonderplugingallery\" id=\"wonderplugingallery-3\" data-galleryid=\"3\" data-width=\"764\" data-height=\"400\" data-skin=\"gallery\" data-autoslide=\"false\" data-autoplayvideo=\"false\" data-html5player=\"true\" data-responsive=\"true\" data-fullwidth=\"false\" data-showtitle=\"true\" data-showdescription=\"true\" data-showplaybutton=\"true\" data-showfullscreenbutton=\"true\" data-showtimer=\"true\" data-showcarousel=\"true\" data-galleryshadow=\"false\" data-slideshadow=\"true\" data-thumbshowtitle=\"true\" data-thumbshadow=\"true\" data-lightboxshowtitle=\"true\" data-lightboxshowdescription=\"true\" data-specifyid=\"true\" data-duration=\"1500\" data-slideduration=\"1000\" data-slideshowinterval=\"6000\" data-googleanalyticsaccount=\"\" data-resizemode=\"fill\" data-imagetoolboxmode=\"mouseover\" data-effect=\"fade\" data-padding=\"12\" data-bgcolor=\"\" data-bgimage=\"\" data-thumbwidth=\"120\" data-thumbheight=\"60\" data-thumbgap=\"8\" data-thumbrowgap=\"16\" data-lightboxtextheight=\"72\" data-lightboxtitlecss=\"{color:#333333; font:bold 12px Arial,Helvetica,sans-serif; overflow:hidden; white-space:normal; line-height:18px;}\" data-lightboxdescriptioncss=\"{color:#333333; font:normal 12px Arial,Helvetica,sans-serif; overflow:hidden; white-space:normal; line-height:14px;}\" data-titlecss=\"{color:#ffffff; font-size:14px; font-family:Armata, sans-serif, Arial; overflow:hidden; text-align:left; padding:10px 0px 10px 10px; background:rgb(102, 102, 102) transparent; background:rgba(102, 102, 102, 0.6);}\" data-descriptioncss=\"{color:#ffffff; font-size:13px; font-family:Armata, sans-serif, Arial; overflow:hidden; text-align:left; padding:0px 0px 10px 10px; background:rgb(102, 102, 102) transparent; background:rgba(102, 102, 102, 0.6);}\" data-jsfolder=\"https:\/\/edubelife.vn\/wp-content\/plugins\/wonderplugin-gallery\/engine\/\" style=\"display:none;\" ><a href=\"http:\/\/www.youtube.com\/embed\/UR_bXS3BGX8\" data-poster=\"http:\/\/edubelife.vn\/wp-content\/uploads\/2020\/03\/a\u0309nh-cho-ba\u0300i-video-intro-1.png\"><img decoding=\"async\" class=\"html5galleryimg\" src=\"http:\/\/edubelife.vn\/wp-content\/uploads\/2020\/03\/a\u0309nh-cho-ba\u0300i-video-intro-1-150x150.png\" alt=\"EDUBELIFE \u2013 H\u00e0nh tr\u00ecnh \u0111\u00e3 qua\" data-description=\"Sau m\u1ed9t cu\u1ed9c h\u00e0nh tr\u00ecnh g\u1ea7n 5 n\u0103m 2015 \u2013 2019 - kh\u00f4ng d\u00e0i, nh\u01b0ng c\u0169ng kh\u00f4ng ng\u1eafn - trong d\u00f2ng s\u00f4ng k\u00fd \u1ee9c c\u1ee7a ch\u00fang t\u00f4i \u2013 nh\u1eefng th\u00e0nh vi\u00ean c\u1ee7a Edubelife - \u0111ong \u0111\u1ea7y nh\u1eefng c\u1ea3m x\u00fac t\u1ed1t \u0111\u1eb9p v\u00ec \u0111\u00e3 \u0111i \u0111\u1ebfn c\u00f9ng \u0111am m\u00ea c\u1ee7a m\u00ecnh, v\u1edbi kh\u00e1t v\u1ecdng \u201ct\u01b0 v\u1ea5n, \u0111\u00e0o t\u1ea1o v\u1ec1 t\u00e0i ch\u00ednh kinh doanh &amp; k\u1ebf to\u00e1n v\u00ec \u201cm\u1ed9t cu\u1ed9c s\u1ed1ng t\u01b0\u01a1i \u0111\u1eb9p\u201d.\"><\/a><a href=\"https:\/\/youtu.be\/KSMiJemkWGA\" data-poster=\"https:\/\/youtu.be\/KSMiJemkWGA\"><img decoding=\"async\" class=\"html5galleryimg\" src=\"https:\/\/edubelife.vn\/wp-content\/uploads\/2019\/03\/Edubelife.-co-van-CT-VTV1.png\" alt=\"EDUBELIFE LOP HOC TAI CHINH VTV1\" data-description=\"EDUBELIFE  L\u1edaP H\u1eccC T\u00c0I CH\u00cdNH CHO TR\u1eba EM\"><\/a><a href=\"http:\/\/www.youtube.com\/embed\/q4fC6SO5fTQ?feature=youtu.be\" data-poster=\"http:\/\/img.youtube.com\/vi\/q4fC6SO5fTQ\/0.jpg\"><img decoding=\"async\" class=\"html5galleryimg\" src=\"http:\/\/img.youtube.com\/vi\/q4fC6SO5fTQ\/1.jpg\" alt=\"\"><\/a><a href=\"http:\/\/www.youtube.com\/embed\/499I0Qz6Tqc?feature=youtu.be\" data-poster=\"http:\/\/img.youtube.com\/vi\/499I0Qz6Tqc\/0.jpg\"><img decoding=\"async\" class=\"html5galleryimg\" src=\"http:\/\/img.youtube.com\/vi\/499I0Qz6Tqc\/1.jpg\" alt=\"D\u1ea1y con c\u00e1ch d\u00f9ng ti\u1ec1n - \u0110i\u1ec1u kh\u00f4ng c\u00f3 gi\u00e1 c\u1ea3\" data-description=\"D\u1ea1y con c\u00e1ch d\u00f9ng ti\u1ec1n - \u0110i\u1ec1u kh\u00f4ng c\u00f3 gi\u00e1 c\u1ea3\"><\/a><a href=\"http:\/\/www.youtube.com\/embed\/eH8lOO5CYH0\" data-poster=\"http:\/\/img.youtube.com\/vi\/eH8lOO5CYH0\/0.jpg\"><img decoding=\"async\" class=\"html5galleryimg\" src=\"http:\/\/img.youtube.com\/vi\/eH8lOO5CYH0\/1.jpg\" alt=\"D\u1ea1y con c\u00e1ch d\u00f9ng ti\u1ec1n - Gi\u00e1 c\u1ea3\" data-description=\"D\u1ea1y con c\u00e1ch d\u00f9ng ti\u1ec1n - Gi\u00e1 c\u1ea3\"><\/a><a href=\"http:\/\/www.youtube.com\/embed\/Pv7nHz-0D8k?feature=youtu.be\" data-poster=\"http:\/\/img.youtube.com\/vi\/Pv7nHz-0D8k\/0.jpg\"><img decoding=\"async\" class=\"html5galleryimg\" src=\"http:\/\/img.youtube.com\/vi\/Pv7nHz-0D8k\/1.jpg\" alt=\"&quot; D\u1ea1y con c\u00e1ch d\u00f9ng ti\u1ec1n&quot; - T\u1ed5ng k\u1ebft kh\u00f3a h\u1ecdc mi\u1ec5n ph\u00ed\" data-description=\"Kh\u00f3a h\u1ecdc mi\u1ec5n ph\u00ed &quot;D\u1ea1y con c\u00e1ch d\u00f9ng ti\u1ec1n&quot; - H\u1ecdc ph\u1ea7n I Level I - CT li\u00ean k\u1ebft gi\u1eefa Edubelife v\u00e0 Khoa T\u00e0i ch\u00ednh Ng\u00e2n h\u00e0ng (\u0110HKT \u0110HQGHN)\"><\/a><a href=\"http:\/\/www.youtube.com\/embed\/zBkvZrgBjbY\" data-poster=\"http:\/\/img.youtube.com\/vi\/zBkvZrgBjbY\/0.jpg\"><img decoding=\"async\" class=\"html5galleryimg\" src=\"http:\/\/img.youtube.com\/vi\/zBkvZrgBjbY\/1.jpg\" alt=\"D\u1ea1y con c\u00e1ch d\u00f9ng ti\u1ec1n - EDUBELIFE -  V\u00ec t\u1ea7m v\u00f3c Vi\u1ec7t\" data-description=\"Ti\u1ebfp t\u1ee5c v\u1edbi nh\u1eefng c\u00e2u chuy\u1ec7n v\u1ec1 c\u00e1ch ti\u00eau ti\u1ec1n c\u1ee7a c\u00e1c b\u1ea1n nh\u1ecf, h\u00f4m nay ch\u00fang ta s\u1ebd gh\u00e9 th\u0103m m\u1ed9t th\u1ecb tr\u1ea5n t\u1ea1i t\u1ec9nh Ph\u00fa Th\u1ecd v\u00e0 c\u00f9ng xem c\u00e1c b\u1ea1n nh\u1ecf \u1edf n\u00f4ng th\u00f4n ti\u00eau ti\u1ec1n c\u00f3 kh\u00e1c v\u1edbi nh\u1eefng b\u1ea3n nh\u1ecf \u1edf th\u00e0nh ph\u1ed1 trong t\u1eadp h\u00f4m qua kh\u00f4ng nh\u00e9!\"><\/a><a href=\"http:\/\/www.youtube.com\/embed\/29gnOzmhMIA\" data-poster=\"http:\/\/img.youtube.com\/vi\/29gnOzmhMIA\/0.jpg\"><img decoding=\"async\" class=\"html5galleryimg\" src=\"http:\/\/img.youtube.com\/vi\/29gnOzmhMIA\/1.jpg\" alt=\"D\u1ea1y con c\u00e1ch d\u00f9ng ti\u1ec1n - EDUBELIFE -  V\u00ec t\u1ea7m v\u00f3c Vi\u1ec7t\" data-description=\"Tr\u1ebb em \u1edf th\u00e0nh ph\u1ed1 \u0111ang ti\u00eau ti\u1ec1n nh\u01b0 th\u1ebf n\u00e0o? C\u00f3 h\u1ee3p l\u00fd? Hay th\u1eadm ch\u00ed c\u00e1c b\u1ea1n c\u00f3 bi\u1ebft ti\u1ec1n l\u00e0 g\u00ec v\u00e0 c\u00f3 hi\u1ec3u \u0111\u01b0\u1ee3c \u00fd ngh\u0129a, gi\u00e1 tr\u1ecb c\u1ee7a \u0111\u1ed3ng ti\u1ec1n hay kh\u00f4ng? T\u00ecm hi\u1ec3u qua nh\u1eefng c\u00e2u chuy\u1ec7n \u0111\u1eb7c bi\u1ec7t c\u1ee7a ch\u01b0\u01a1ng tr\u00ecnh ng\u00e0y h\u00f4m nay.\"><\/a><a href=\"http:\/\/www.youtube.com\/embed\/KSMiJemkWGA\" data-poster=\"http:\/\/img.youtube.com\/vi\/KSMiJemkWGA\/0.jpg\"><img decoding=\"async\" class=\"html5galleryimg\" src=\"http:\/\/img.youtube.com\/vi\/KSMiJemkWGA\/1.jpg\" alt=\"D\u1ea1y con c\u00e1ch d\u00f9ng ti\u1ec1n - EDUBELIFE -  V\u00ec t\u1ea7m v\u00f3c Vi\u1ec7t\" data-description=\"Kh\u1ea3o s\u00e1t th\u1ef1c tr\u1ea1ng c\u00e1c b\u1ea1n nh\u1ecf \u1edf th\u00e0nh ph\u1ed1 v\u00e0 n\u00f4ng th\u00f4n ti\u00eau ti\u1ec1n nh\u01b0 th\u1ebf n\u00e0o\"><\/a><a href=\"http:\/\/www.youtube.com\/embed\/uOT2N9OzlaI\" data-poster=\"http:\/\/img.youtube.com\/vi\/uOT2N9OzlaI\/0.jpg\"><img decoding=\"async\" class=\"html5galleryimg\" src=\"http:\/\/img.youtube.com\/vi\/uOT2N9OzlaI\/1.jpg\" alt=\"D\u1ea1y con c\u00e1ch d\u00f9ng ti\u1ec1n - EDUBELIFE -  V\u00ec t\u1ea7m v\u00f3c Vi\u1ec7t\" data-description=\"Sau khi \u0111\u00e3 t\u00ecm hi\u1ec3u v\u1ec1 c\u00e1ch tr\u1ebb em ng\u00e0y nay ti\u00eau ti\u1ec1n, ch\u00fang ta s\u1ebd ti\u1ebfp t\u1ee5c l\u1eadt ng\u01b0\u1ee3c v\u1ea5n \u0111\u1ec1: V\u1eady khi n\u00e0o th\u00ec n\u00ean \u0111\u1ec3 cho tr\u1ebb ki\u1ebfm ti\u1ec1n? V\u00e0 \u1edf ph\u1ea7n cu\u1ed1i s\u1ebd c\u00f3 s\u1ef1 g\u00f3p m\u1eb7t c\u1ee7a m\u1ed9t &quot;doanh nh\u00e2n nh\u00ed&quot; r\u1ea5t \u0111\u1eb7c bi\u1ec7t \u0111\u1ea5y nh\u00e9!\"><\/a><a href=\"http:\/\/www.youtube.com\/embed\/26JIH1l5QdI\" data-poster=\"http:\/\/img.youtube.com\/vi\/26JIH1l5QdI\/0.jpg\"><img decoding=\"async\" class=\"html5galleryimg\" src=\"http:\/\/img.youtube.com\/vi\/26JIH1l5QdI\/1.jpg\" alt=\"D\u1ea1y con c\u00e1ch d\u00f9ng ti\u1ec1n - EDUBELIFE -  V\u00ec t\u1ea7m v\u00f3c Vi\u1ec7t\" data-description=\"C\u00e2n b\u1eb1ng gi\u1eefa ki\u1ebfm ti\u1ec1n, ti\u00eau ti\u1ec1n v\u00e0 ti\u1ebft ki\u1ec7m ti\u1ec1n, \u0111\u00f3 ch\u00ednh l\u00e0 chi ti\u00eau h\u1ee3p l\u00fd. Tuy nhi\u00ean v\u1edbi m\u1ed7i gia \u0111\u00ecnh, m\u1ed7i ph\u1ee5 huynh \u0111\u1ec1u c\u00f3 ph\u01b0\u01a1ng ph\u00e1p d\u1ea1y con kh\u00e1c nhau. C\u00f9ng tham kh\u1ea3o c\u00e1ch d\u1ea1y con chi ti\u00eau h\u1ee3p l\u00fd c\u1ee7a c\u00e1c ph\u1ee5 huynh VTV24 - V\u00ec T\u1ea7m V\u00f3c Vi\u1ec7t nh\u00e9!\"><\/a><a href=\"http:\/\/www.youtube.com\/embed\/t-h-bg2G1fw\" data-poster=\"http:\/\/img.youtube.com\/vi\/t-h-bg2G1fw\/0.jpg\"><img decoding=\"async\" class=\"html5galleryimg\" src=\"http:\/\/img.youtube.com\/vi\/t-h-bg2G1fw\/1.jpg\" alt=\"Chuyennghe hanoitv Edubelife\" data-description=\"Edubelife - \u0110\u00e0o t\u1ea1o t\u01b0 v\u1ea5n  t\u00e0i ch\u00ednh k\u1ebf to\u00e1n - Th\u1eafp l\u1eeda cho nh\u1eefng \u0111am m\u00ea\"><\/a><a href=\"http:\/\/www.youtube.com\/embed\/jbjJ78Qpckw\" data-poster=\"http:\/\/img.youtube.com\/vi\/jbjJ78Qpckw\/0.jpg\"><img decoding=\"async\" class=\"html5galleryimg\" src=\"http:\/\/img.youtube.com\/vi\/jbjJ78Qpckw\/1.jpg\" alt=\"Environment Challenges  EDUBELIFE and Vietnam Startups join hands to protect\" data-description=\"Environment Challenges  EDUBELIFE and Vietnam Startups join hands to protect\"><\/a><a href=\"http:\/\/www.youtube.com\/embed\/blly7s9nSso\" data-poster=\"http:\/\/img.youtube.com\/vi\/blly7s9nSso\/0.jpg\"><img decoding=\"async\" class=\"html5galleryimg\" src=\"http:\/\/img.youtube.com\/vi\/blly7s9nSso\/1.jpg\" alt=\"EDUBELIFE STORY\" data-description=\"EDUBELIFE STORY\"><\/a><a href=\"http:\/\/www.youtube.com\/embed\/dwtNeEwFSW8\" data-poster=\"http:\/\/img.youtube.com\/vi\/dwtNeEwFSW8\/0.jpg\"><img decoding=\"async\" class=\"html5galleryimg\" src=\"http:\/\/img.youtube.com\/vi\/dwtNeEwFSW8\/1.jpg\" alt=\"Teaching Kids to manage money - EDUBELIFE -  For Vietnamese stature\" data-description=\"Teaching Kids to manage money - EDUBELIFE -  For Vietnamese stature\"><\/a><a href=\"http:\/\/www.youtube.com\/embed\/QicKYyaQ6Wk\" data-poster=\"http:\/\/img.youtube.com\/vi\/QicKYyaQ6Wk\/0.jpg\"><img decoding=\"async\" class=\"html5galleryimg\" src=\"http:\/\/img.youtube.com\/vi\/QicKYyaQ6Wk\/1.jpg\" alt=\"Teaching Kids to manage money - EDUBELIFE -  For Vietnamese stature\" data-description=\"Teaching Kids to manage money - EDUBELIFE -  For Vietnamese stature\"><\/a><a href=\"http:\/\/www.youtube.com\/embed\/nx_X_KisUyg\" data-poster=\"http:\/\/img.youtube.com\/vi\/nx_X_KisUyg\/0.jpg\"><img decoding=\"async\" class=\"html5galleryimg\" src=\"http:\/\/img.youtube.com\/vi\/nx_X_KisUyg\/1.jpg\" alt=\"Teaching Kids to manage money - EDUBELIFE -  For Vietnamese stature\" data-description=\"Teaching Kids to manage money - EDUBELIFE -  For Vietnamese stature\"><\/a><a href=\"http:\/\/www.youtube.com\/embed\/AsDhtp6LUrE\" data-poster=\"http:\/\/img.youtube.com\/vi\/AsDhtp6LUrE\/0.jpg\"><img decoding=\"async\" class=\"html5galleryimg\" src=\"http:\/\/img.youtube.com\/vi\/AsDhtp6LUrE\/1.jpg\" alt=\"Teaching Kids to manage money - EDUBELIFE -  For Vietnamese stature\" data-description=\"Teaching Kids to manage money - EDUBELIFE -  For Vietnamese stature\"><\/a><a href=\"http:\/\/www.youtube.com\/embed\/pNDwcAxeAFo\" data-poster=\"http:\/\/img.youtube.com\/vi\/pNDwcAxeAFo\/0.jpg\"><img decoding=\"async\" class=\"html5galleryimg\" src=\"http:\/\/img.youtube.com\/vi\/pNDwcAxeAFo\/1.jpg\" alt=\"Teaching Kids to manage money - EDUBELIFE -  For Vietnamese stature\" data-description=\"Teaching Kids to manage money - EDUBELIFE -  For Vietnamese stature\"><\/a><a href=\"http:\/\/www.youtube.com\/embed\/GPoQeJkcnWs\" data-poster=\"http:\/\/img.youtube.com\/vi\/GPoQeJkcnWs\/0.jpg\"><img decoding=\"async\" class=\"html5galleryimg\" src=\"http:\/\/img.youtube.com\/vi\/GPoQeJkcnWs\/1.jpg\" alt=\"Lop tai chinh tre em Edubelife 120619\" data-description=\"Lop tai chinh tre em Edubelife 120619\"><\/a><a href=\"http:\/\/www.youtube.com\/embed\/-U9pFBKU0yk\" data-poster=\"http:\/\/img.youtube.com\/vi\/-U9pFBKU0yk\/0.jpg\"><img decoding=\"async\" class=\"html5galleryimg\" src=\"http:\/\/img.youtube.com\/vi\/-U9pFBKU0yk\/1.jpg\" alt=\"Edubelife truyen cam hung khoi nghiep\" data-description=\"Edubelife truyen cam hung khoi nghiep\"><\/a><a href=\"http:\/\/www.youtube.com\/embed\/a8Wq0KiaJrc\" data-poster=\"http:\/\/img.youtube.com\/vi\/a8Wq0KiaJrc\/0.jpg\"><img decoding=\"async\" class=\"html5galleryimg\" src=\"http:\/\/img.youtube.com\/vi\/a8Wq0KiaJrc\/1.jpg\" alt=\"Le ky ket MOU giua SHI va Edubelife\" data-description=\"Edubelife \u0111\u01b0\u1ee3c SHI ng\u1ecf l\u1eddi m\u1eddi k\u00ed k\u1ebft MOU v\u1edbi vai tr\u00f2 \u0111\u1ed1i t\u00e1c \u0111\u00e0o t\u1ea1o, c\u1ed1 v\u1ea5n chuy\u00ean m\u00f4n v\u1ec1 t\u00e0i ch\u00ednh trong l\u0129nh v\u1ef1c kh\u1edfi nghi\u1ec7p v\u1edbi Startup v\u00e0 c\u00e1c Nh\u00e0 \u0111\u1ea7u t\u01b0\"><\/a><a href=\"http:\/\/www.youtube.com\/embed\/99mobeqcL9g\" data-poster=\"http:\/\/img.youtube.com\/vi\/99mobeqcL9g\/0.jpg\"><img decoding=\"async\" class=\"html5galleryimg\" src=\"http:\/\/img.youtube.com\/vi\/99mobeqcL9g\/1.jpg\" alt=\"Ms Hong Trang Edubelife chia se voi sinh vien HocvienTaiChinh\" data-description=\"\u0110i\u1ec1u quan tr\u1ecdng nh\u1ea5t, m\u00e0 c\u00f4 H\u1ed3ng Trang lu\u00f4n tr\u0103n tr\u1edf: mu\u1ed1n \u201ctruy\u1ec1n l\u1eeda\u201d cho c\u00e1c th\u1ebf h\u1ec7 h\u1ecdc vi\u00ean, ch\u00ednh l\u00e0 T\u00ccNH Y\u00caU NGH\u1ec0 K\u1ebe TO\u00c1N. V\u1edbi c\u00f4 \u201cGi\u00e1o d\u1ee5c kh\u00f4ng ph\u1ea3i l\u00e0 vi\u1ec7c \u0111\u1ed5 \u0111\u1ea7y n\u01b0\u1edbc v\u00e0o m\u1ed9t c\u00e1i b\u00ecnh m\u00e0 l\u00e0 th\u1eafp l\u00ean m\u1ed9t ng\u1ecdn l\u1eeda \u2013 ng\u1ecdn l\u1eeda c\u1ee7a ni\u1ec1m tin v\u00e0 t\u00ecnh y\u00eau v\u1ec1 ngh\u1ec1 k\u1ebf to\u00e1n cao qu\u00fd!\u201d\"><\/a><a href=\"http:\/\/www.youtube.com\/embed\/6Ew_QW1OJM0\" data-poster=\"http:\/\/img.youtube.com\/vi\/6Ew_QW1OJM0\/0.jpg\"><img decoding=\"async\" class=\"html5galleryimg\" src=\"http:\/\/img.youtube.com\/vi\/6Ew_QW1OJM0\/1.jpg\" alt=\"H\u01b0\u1edbng d\u1eabn thanh to\u00e1n b\u1eb1ng t\u00e0i kho\u1ea3n c\u00e1 nh\u00e2n - Chi ph\u00ed v\u1eabn h\u1ee3p l\u1ec7\" data-description=\"Ch\u1ec9 c\u1ea7n  ba ph\u00fat, b\u1ea1n s\u1ebd c\u00f3 \u0111\u1ea7y \u0111\u1ee7 c\u01a1 s\u1edf ph\u00e1p l\u00fd, h\u1ed3 s\u01a1, m\u1eabu bi\u1ec3u \u0111\u1ec3 &quot;bi\u1ebfn&quot;  c\u00e1c kho\u1ea3n chi t\u1eeb t\u00e0i kho\u1ea3n c\u00e1 nh\u00e2n th\u00e0nh chi ph\u00ed h\u1ee3p l\u1ec7, thu\u1ebf GTGT \u0111\u1ea7u v\u00e0o \u0111\u01b0\u1ee3c kh\u1ea5u tr\u1eeb cho doanh nghi\u1ec7p\"><\/a><a href=\"http:\/\/www.youtube.com\/embed\/vh_CZY0Q5Rk\" data-poster=\"http:\/\/img.youtube.com\/vi\/vh_CZY0Q5Rk\/0.jpg\"><img decoding=\"async\" class=\"html5galleryimg\" src=\"http:\/\/img.youtube.com\/vi\/vh_CZY0Q5Rk\/1.jpg\" alt=\"Cam nhan cua hoc vien ve Edubelife\" data-description=\"C\u00e1c b\u1ea1n h\u1ecdc vi\u00ean lu\u00f4n gi\u1eef nguy\u00ean \u201cng\u1ecdn l\u1eeda\u201d y\u00eau ngh\u1ec1, \u0111am m\u00ea h\u1ecdc t\u1eadp v\u00e0 d\u00e0nh nh\u1eefng t\u00ecnh c\u1ea3m n\u1ed3ng \u1ea5m, ch\u00e2n th\u00e0nh v\u1edbi EDUBELIFE, c\u00f4 gi\u00e1o H\u1ed3ng Trang.\"><\/a><a href=\"http:\/\/www.youtube.com\/embed\/wG7dIM4r1fs\" data-poster=\"http:\/\/img.youtube.com\/vi\/wG7dIM4r1fs\/0.jpg\"><img decoding=\"async\" class=\"html5galleryimg\" src=\"http:\/\/img.youtube.com\/vi\/wG7dIM4r1fs\/1.jpg\" alt=\"C\u1ea2M NH\u1eacN C\u1ee6A C\u00c1C CEO V\u1ec0 EDUBELIFE\" data-description=\"Kh\u00f4ng ch\u1ec9 \u0111\u01b0\u1ee3c bi\u1ebft \u0111\u1ebfn l\u00e0 m\u1ed9t t\u1ed5 ch\u1ee9c \u0111\u00e0o t\u1ea1o c\u00f3 uy t\u00edn trong l\u0129nh v\u1ef1c k\u1ebf to\u00e1n, thu\u1ebf, EDUBELIFE l\u00e0 \u0111\u1ed1i t\u00e1c \u0111\u00e0o t\u1ea1o c\u1ee7a c\u00e1c H\u1ec7 sinh th\u00e1i kh\u1edfi nghi\u1ec7p l\u1edbn t\u1ea1i Vi\u1ec7t Nam trong l\u0129nh v\u1ef1c \u0111\u00e0o t\u1ea1o, t\u01b0 v\u1ea5n v\u1ec1 qu\u1ea3n tr\u1ecb kinh doanh, t\u00e0i ch\u00ednh doanh nghi\u1ec7p cho c\u00e1c CEO.\"><\/a><a href=\"http:\/\/www.youtube.com\/embed\/m9c7vx8XkNQ\" data-poster=\"http:\/\/img.youtube.com\/vi\/m9c7vx8XkNQ\/0.jpg\"><img decoding=\"async\" class=\"html5galleryimg\" src=\"http:\/\/img.youtube.com\/vi\/m9c7vx8XkNQ\/1.jpg\" alt=\"EDUBELIFE Tu\u031b\u0323 do ta\u0300i chi\u0301nh ca\u0301 nha\u0302n\" data-description=\"\u0110\u1ea1i d\u1ecbch COVID 19 \u0111\u00e3 l\u00e0m thay \u0111\u1ed5i to\u00e0n b\u1ed9 cu\u1ed9c s\u1ed1ng c\u1ee7a m\u1ed7i c\u00e1 nh\u00e2n, gia \u0111\u00ecnh, \u1ea3nh h\u01b0\u1edfng t\u1edbi t\u1eebng qu\u1ed1c gia v\u00e0 lan r\u1ed9ng ph\u1ea1m vi to\u00e0n th\u1ebf gi\u1edbi. H\u01a1n l\u00fac n\u00e0o h\u1ebft, ch\u00fang ta nh\u1eadn ra r\u1eb1ng: \u0111\u1ec3 s\u1ed1ng, t\u1ed3n t\u1ea1i v\u00e0 ph\u00e1t tri\u1ec3n, ch\u00fang ta c\u1ea7n trang b\u1ecb cho th\u1ebf h\u1ec7 t\u01b0\u01a1ng lai v\u00e0 c\u1ea3 ch\u00ednh ch\u00fang ta nh\u1eefng k\u1ef9 n\u0103ng v\u1ec1 t\u00e0i ch\u00ednh, \u0111\u1ec3 ch\u00fang ta c\u00f3 th\u1ec3 nh\u1eb9 nh\u00e0ng v\u01b0\u1ee3t qua m\u1ecdi cu\u1ed9c kh\u1ee7ng ho\u1ea3ng nh\u01b0 \u0111\u1ea1i d\u1ecbch Covid 19 v\u1eeba r\u1ed3i, lu\u00f4n gi\u1eef m\u1ed9t t\u00e2m th\u1ebf c\u1ee7a ng\u01b0\u1eddi t\u1ef1 do, m\u1ea1nh kh\u1ecfe v\u1ec1 th\u1ec3 l\u1ef1c, tr\u00ed l\u1ef1c, lu\u00f4n t\u1ef1 tin ti\u1ebfn l\u00ean v\u1ec1 ph\u00eda tr\u01b0\u1edbc\u2026.\"><\/a><div class=\"wonderplugin-engine\"><a href=\"http:\/\/www.wonderplugin.com\/wordpress-gallery\/\" title=\"WordPress Gallery Plugin\">WordPress Gallery Plugin<\/a><\/div><\/div><\/div>\n","protected":false},"excerpt":{"rendered":"WordPress Gallery Plugin","protected":false},"author":1,"featured_media":0,"parent":4993,"menu_order":0,"comment_status":"closed","ping_status":"closed","template":"","meta":{"footnotes":""},"class_list":["post-4994","page","type-page","status-publish","hentry"],"yoast_head":"<!-- This site is optimized with the Yoast SEO Premium plugin v23.4 (Yoast SEO v23.9) - https:\/\/yoast.com\/wordpress\/plugins\/seo\/ -->\n<title>Video Edubelife - Edubelife | Education for a beautiful life<\/title>\n<meta name=\"robots\" content=\"index, follow, max-snippet:-1, max-image-preview:large, max-video-preview:-1\" \/>\n<link rel=\"canonical\" href=\"https:\/\/edubelife.vn\/en\/library\/video-edubelife\/\" \/>\n<meta property=\"og:locale\" content=\"en_US\" \/>\n<meta property=\"og:type\" content=\"article\" \/>\n<meta property=\"og:title\" content=\"Video Edubelife\" \/>\n<meta property=\"og:url\" content=\"https:\/\/edubelife.vn\/en\/library\/video-edubelife\/\" \/>\n<meta property=\"og:site_name\" content=\"Edubelife | Education for a beautiful life\" \/>\n<meta property=\"article:modified_time\" content=\"2019-06-16T16:41:25+00:00\" \/>\n<meta name=\"twitter:card\" content=\"summary_large_image\" \/>\n<script type=\"application\/ld+json\" class=\"yoast-schema-graph\">{\"@context\":\"https:\/\/schema.org\",\"@graph\":[{\"@type\":\"WebPage\",\"@id\":\"https:\/\/edubelife.vn\/en\/library\/video-edubelife\/\",\"url\":\"https:\/\/edubelife.vn\/en\/library\/video-edubelife\/\",\"name\":\"Video Edubelife - Edubelife | Education for a beautiful life\",\"isPartOf\":{\"@id\":\"https:\/\/edubelife.vn\/#website\"},\"datePublished\":\"2019-03-20T02:08:04+00:00\",\"dateModified\":\"2019-06-16T16:41:25+00:00\",\"breadcrumb\":{\"@id\":\"https:\/\/edubelife.vn\/en\/library\/video-edubelife\/#breadcrumb\"},\"inLanguage\":\"en-US\",\"potentialAction\":[{\"@type\":\"ReadAction\",\"target\":[\"https:\/\/edubelife.vn\/en\/library\/video-edubelife\/\"]}]},{\"@type\":\"BreadcrumbList\",\"@id\":\"https:\/\/edubelife.vn\/en\/library\/video-edubelife\/#breadcrumb\",\"itemListElement\":[{\"@type\":\"ListItem\",\"position\":1,\"name\":\"Home\",\"item\":\"https:\/\/edubelife.vn\/en\/\"},{\"@type\":\"ListItem\",\"position\":2,\"name\":\"Library\",\"item\":\"https:\/\/edubelife.vn\/en\/library\/\"},{\"@type\":\"ListItem\",\"position\":3,\"name\":\"Video Edubelife\"}]},{\"@type\":\"WebSite\",\"@id\":\"https:\/\/edubelife.vn\/#website\",\"url\":\"https:\/\/edubelife.vn\/\",\"name\":\"Edubelife | Education for a beautiful life\",\"description\":\"EDUBELIFE - Solutions for Sustainability, strength of Corporate Finance &amp; freedom of individual finance\",\"potentialAction\":[{\"@type\":\"SearchAction\",\"target\":{\"@type\":\"EntryPoint\",\"urlTemplate\":\"https:\/\/edubelife.vn\/?s={search_term_string}\"},\"query-input\":{\"@type\":\"PropertyValueSpecification\",\"valueRequired\":true,\"valueName\":\"search_term_string\"}}],\"inLanguage\":\"en-US\"}]}<\/script>\n<!-- \/ Yoast SEO Premium plugin. -->","yoast_head_json":{"title":"Video Edubelife - Edubelife | Education for a beautiful life","robots":{"index":"index","follow":"follow","max-snippet":"max-snippet:-1","max-image-preview":"max-image-preview:large","max-video-preview":"max-video-preview:-1"},"canonical":"https:\/\/edubelife.vn\/en\/library\/video-edubelife\/","og_locale":"en_US","og_type":"article","og_title":"Video Edubelife","og_url":"https:\/\/edubelife.vn\/en\/library\/video-edubelife\/","og_site_name":"Edubelife | Education for a beautiful life","article_modified_time":"2019-06-16T16:41:25+00:00","twitter_card":"summary_large_image","schema":{"@context":"https:\/\/schema.org","@graph":[{"@type":"WebPage","@id":"https:\/\/edubelife.vn\/en\/library\/video-edubelife\/","url":"https:\/\/edubelife.vn\/en\/library\/video-edubelife\/","name":"Video Edubelife - Edubelife | Education for a beautiful life","isPartOf":{"@id":"https:\/\/edubelife.vn\/#website"},"datePublished":"2019-03-20T02:08:04+00:00","dateModified":"2019-06-16T16:41:25+00:00","breadcrumb":{"@id":"https:\/\/edubelife.vn\/en\/library\/video-edubelife\/#breadcrumb"},"inLanguage":"en-US","potentialAction":[{"@type":"ReadAction","target":["https:\/\/edubelife.vn\/en\/library\/video-edubelife\/"]}]},{"@type":"BreadcrumbList","@id":"https:\/\/edubelife.vn\/en\/library\/video-edubelife\/#breadcrumb","itemListElement":[{"@type":"ListItem","position":1,"name":"Home","item":"https:\/\/edubelife.vn\/en\/"},{"@type":"ListItem","position":2,"name":"Library","item":"https:\/\/edubelife.vn\/en\/library\/"},{"@type":"ListItem","position":3,"name":"Video Edubelife"}]},{"@type":"WebSite","@id":"https:\/\/edubelife.vn\/#website","url":"https:\/\/edubelife.vn\/","name":"Edubelife | Education for a beautiful life","description":"EDUBELIFE - Solutions for Sustainability, strength of Corporate Finance &amp; freedom of individual finance","potentialAction":[{"@type":"SearchAction","target":{"@type":"EntryPoint","urlTemplate":"https:\/\/edubelife.vn\/?s={search_term_string}"},"query-input":{"@type":"PropertyValueSpecification","valueRequired":true,"valueName":"search_term_string"}}],"inLanguage":"en-US"}]}},"_links":{"self":[{"href":"https:\/\/edubelife.vn\/en\/wp-json\/wp\/v2\/pages\/4994","targetHints":{"allow":["GET"]}}],"collection":[{"href":"https:\/\/edubelife.vn\/en\/wp-json\/wp\/v2\/pages"}],"about":[{"href":"https:\/\/edubelife.vn\/en\/wp-json\/wp\/v2\/types\/page"}],"author":[{"embeddable":true,"href":"https:\/\/edubelife.vn\/en\/wp-json\/wp\/v2\/users\/1"}],"replies":[{"embeddable":true,"href":"https:\/\/edubelife.vn\/en\/wp-json\/wp\/v2\/comments?post=4994"}],"version-history":[{"count":1,"href":"https:\/\/edubelife.vn\/en\/wp-json\/wp\/v2\/pages\/4994\/revisions"}],"predecessor-version":[{"id":5002,"href":"https:\/\/edubelife.vn\/en\/wp-json\/wp\/v2\/pages\/4994\/revisions\/5002"}],"up":[{"embeddable":true,"href":"https:\/\/edubelife.vn\/en\/wp-json\/wp\/v2\/pages\/4993"}],"wp:attachment":[{"href":"https:\/\/edubelife.vn\/en\/wp-json\/wp\/v2\/media?parent=4994"}],"curies":[{"name":"wp","href":"https:\/\/api.w.org\/{rel}","templated":true}]}}